{"id":404,"date":"2025-07-31T21:10:50","date_gmt":"2025-07-31T21:10:50","guid":{"rendered":"https:\/\/htpro.dev\/?page_id=404"},"modified":"2025-07-31T22:01:25","modified_gmt":"2025-07-31T22:01:25","slug":"nosotros","status":"publish","type":"page","link":"https:\/\/htpro.dev\/index.php\/nosotros\/","title":{"rendered":"Nosotros"},"content":{"rendered":"<p>[et_pb_section fb_built=\u00bb1&#8243; admin_label=\u00bbsection\u00bb _builder_version=\u00bb4.17.4&#8243; background_enable_image=\u00bboff\u00bb background_position=\u00bbtop_right\u00bb background_horizontal_offset=\u00bb-59%\u00bb background_vertical_offset=\u00bb-74%\u00bb background_blend=\u00bboverlay\u00bb global_colors_info=\u00bb{}\u00bb][et_pb_row _builder_version=\u00bb4.17.4&#8243; _module_preset=\u00bbdefault\u00bb background_enable_image=\u00bboff\u00bb background_position=\u00bbtop_center\u00bb global_colors_info=\u00bb{}\u00bb][et_pb_column type=\u00bb4_4&#8243; _builder_version=\u00bb4.17.4&#8243; _module_preset=\u00bbdefault\u00bb global_colors_info=\u00bb{}\u00bb][et_pb_post_title meta=\u00bboff\u00bb featured_image=\u00bboff\u00bb _builder_version=\u00bb4.17.4&#8243; _module_preset=\u00bbdefault\u00bb title_font=\u00bbManrope|800|||||||\u00bb title_text_align=\u00bbleft\u00bb title_font_size=\u00bb50px\u00bb global_colors_info=\u00bb{}\u00bb][\/et_pb_post_title][\/et_pb_column][\/et_pb_row][et_pb_row _builder_version=\u00bb4.17.4&#8243; _module_preset=\u00bbdefault\u00bb custom_padding=\u00bb10px|||||\u00bb global_colors_info=\u00bb{}\u00bb][et_pb_column type=\u00bb4_4&#8243; _builder_version=\u00bb4.17.4&#8243; _module_preset=\u00bbdefault\u00bb global_colors_info=\u00bb{}\u00bb][et_pb_text _builder_version=\u00bb4.17.4&#8243; _module_preset=\u00bbdefault\u00bb global_colors_info=\u00bb{}\u00bb]<\/p>\n<h3 data-start=\"134\" data-end=\"148\"><strong data-start=\"138\" data-end=\"148\">Visi\u00f3n<\/strong><\/h3>\n<p data-start=\"150\" data-end=\"470\">Facilitar la creaci\u00f3n de productos digitales que transformen la manera en que las organizaciones optimizan sus procesos. Aspiramos a ser referentes en tecnolog\u00eda financiera, desarrollando software de alto impacto que impulse la eficiencia, el cumplimiento normativo y la innovaci\u00f3n en empresas y agencias de todo M\u00e9xico.<\/p>\n<p>[\/et_pb_text][et_pb_text _builder_version=\u00bb4.17.4&#8243; _module_preset=\u00bbdefault\u00bb global_colors_info=\u00bb{}\u00bb]<\/p>\n<h3 data-start=\"477\" data-end=\"492\"><strong data-start=\"481\" data-end=\"492\">Valores<\/strong><\/h3>\n<p data-start=\"494\" data-end=\"980\">En HighTech, somos una comunidad innovadora de dise\u00f1adores y tecn\u00f3logos que vemos el futuro como una oportunidad para generar un impacto positivo a trav\u00e9s de la tecnolog\u00eda. Nos guiamos por valores como la <strong data-start=\"699\" data-end=\"718\">responsabilidad<\/strong>, la <strong data-start=\"723\" data-end=\"737\">excelencia<\/strong>, la <strong data-start=\"742\" data-end=\"758\">colaboraci\u00f3n<\/strong> y la <strong data-start=\"764\" data-end=\"784\">confidencialidad<\/strong>, aplic\u00e1ndolos en soluciones orientadas a la contabilidad, el compliance, la normatividad y el control de riesgos, siempre con el compromiso de aportar valor real y sostenible a nuestros clientes.<\/p>\n<p>[\/et_pb_text][et_pb_text _builder_version=\u00bb4.17.4&#8243; _module_preset=\u00bbdefault\u00bb global_colors_info=\u00bb{}\u00bb]<\/p>\n<h3 data-start=\"987\" data-end=\"1011\"><strong data-start=\"991\" data-end=\"1011\">Nuestra Historia<\/strong><\/h3>\n<p data-start=\"1013\" data-end=\"1411\">HighTech Process Counsellors es una firma de desarrollo de software fundada en 2019 a partir de la visi\u00f3n compartida de cuatro fundadores. En su primer a\u00f1o, la empresa duplic\u00f3 su equipo, alcanzando los 10 colaboradores. En 2021, con el objetivo de fortalecer la relaci\u00f3n con su cliente principal, se traslad\u00f3 la sede administrativa a Ciudad de M\u00e9xico, manteniendo siempre un enfoque \u00e1gil y cercano.<\/p>\n<p data-start=\"1413\" data-end=\"1632\">Desde entonces, HighTech ha sostenido un crecimiento constante, conformando en 2024 un equipo de 20 personas, todas trabajando de forma remota bajo una cultura enfocada en la colaboraci\u00f3n, la eficiencia y la innovaci\u00f3n.<\/p>\n<p data-start=\"1634\" data-end=\"1817\">Nos especializamos en soluciones tecnol\u00f3gicas para sectores altamente regulados, con un fuerte enfoque en tecnolog\u00eda financiera, cumplimiento legal, normatividad y control de riesgos.<\/p>\n<p data-start=\"1819\" data-end=\"2159\">Nuestro equipo multidisciplinario, conformado por profesionales del dise\u00f1o, tecnolog\u00eda, negocios y cumplimiento normativo, est\u00e1 comprometido con generar un impacto positivo a trav\u00e9s de la transformaci\u00f3n digital, acompa\u00f1ando a empresas y agencias en todo M\u00e9xico en la optimizaci\u00f3n de sus procesos y la evoluci\u00f3n de sus operaciones digitales.<\/p>\n<p>[\/et_pb_text][\/et_pb_column][\/et_pb_row][\/et_pb_section]<\/p>\n","protected":false},"excerpt":{"rendered":"<p>Visi\u00f3n Facilitar la creaci\u00f3n de productos digitales que transformen la manera en que las organizaciones optimizan sus procesos. Aspiramos a ser referentes en tecnolog\u00eda financiera, desarrollando software de alto impacto que impulse la eficiencia, el cumplimiento normativo y la innovaci\u00f3n en empresas y agencias de todo M\u00e9xico.Valores En HighTech, somos una comunidad innovadora de dise\u00f1adores [&hellip;]<\/p>\n","protected":false},"author":1,"featured_media":0,"parent":0,"menu_order":0,"comment_status":"closed","ping_status":"closed","template":"","meta":{"_et_pb_use_builder":"on","_et_pb_old_content":"","_et_gb_content_width":""},"_links":{"self":[{"href":"https:\/\/htpro.dev\/index.php\/wp-json\/wp\/v2\/pages\/404"}],"collection":[{"href":"https:\/\/htpro.dev\/index.php\/wp-json\/wp\/v2\/pages"}],"about":[{"href":"https:\/\/htpro.dev\/index.php\/wp-json\/wp\/v2\/types\/page"}],"author":[{"embeddable":true,"href":"https:\/\/htpro.dev\/index.php\/wp-json\/wp\/v2\/users\/1"}],"replies":[{"embeddable":true,"href":"https:\/\/htpro.dev\/index.php\/wp-json\/wp\/v2\/comments?post=404"}],"version-history":[{"count":11,"href":"https:\/\/htpro.dev\/index.php\/wp-json\/wp\/v2\/pages\/404\/revisions"}],"predecessor-version":[{"id":427,"href":"https:\/\/htpro.dev\/index.php\/wp-json\/wp\/v2\/pages\/404\/revisions\/427"}],"wp:attachment":[{"href":"https:\/\/htpro.dev\/index.php\/wp-json\/wp\/v2\/media?parent=404"}],"curies":[{"name":"wp","href":"https:\/\/api.w.org\/{rel}","templated":true}]}}